{"id":247,"date":"2024-08-07T16:59:59","date_gmt":"2024-08-07T19:59:59","guid":{"rendered":"https:\/\/montajeysoldaduradonjose.com\/?page_id=247"},"modified":"2024-08-13T11:19:49","modified_gmt":"2024-08-13T14:19:49","slug":"proyectos-destacados","status":"publish","type":"page","link":"https:\/\/montajeysoldaduradonjose.com\/index.php\/proyectos-destacados\/","title":{"rendered":"PROYECTOS"},"content":{"rendered":"\n<p><strong>CONSTRUCCI\u00d3N Y REPARACI\u00d3N DE TANQUES<\/strong><\/p>\n\n\n\n<ul class=\"wp-block-list\">\n<li>Cambio de techo y piso TK 10000m3. JOMAR.S.A. Ca\u00f1adon Seco. YPF 1999. Desmontaje, traslado y montaje de TKS cortador. NUEVO CERRO DRAG\u00d3N S.A. Bater\u00eda 4 y 2. Pico Truncado. PAE 2000.<\/li>\n\n\n\n<li>Construcci\u00f3n de TK 1500m3, 360m3 y TK c\u00f3nico 500m3 . Pta. SURUB\u00cd. YPF B. REPSOL BOLIVIA 2002.<\/li>\n\n\n\n<li>Construcci\u00f3n de 10 TK de 40m3 sobre caballetes. JOMAR S.A. Comodoro Rivadavia 2004.<\/li>\n\n\n\n<li>Construcci\u00f3n TK 5000m3. SELEVI S.A. Pta. YPF. Pico Truncado 2005.<\/li>\n\n\n\n<li>Construcci\u00f3n de TK 1000m3. NUEVO CERRO DRAG\u00d3N S.A. La porfiada. R\u00edo Gallegos. PETROBR\u00c1S S.A. 2005.<\/li>\n\n\n\n<li>Reparaci\u00f3n 2 TK cortador 360mm3. TRANSP. FIGEROA S.R.L. Meseta Espinosa 2008. Cambio de techo y reparaci\u00f3n de TK 5000m3. NUEVO CERRO DRAG\u00d3N S.A. Ca\u00f1ad\u00f3n Seco 2010.<\/li>\n\n\n\n<li>Construcci\u00f3n de TK-102 2000m3 Skimmer. EDVSA. S.A &#8211; SIPETROL. Cavo Virgen. R\u00edo Gallego 2010.<\/li>\n\n\n\n<li>Construcci\u00f3n de TK 320m3. JOMAR S.A &#8211; YPF. Base Operativa DON JOS\u00c9 2010. Construcci\u00f3n de 4 TK 40m3 con caballetes. JOMAR S.A. Base Operativa DON JOS\u00c9 2010.<\/li>\n\n\n\n<li>Construcci\u00f3n de 2 TK 160m3. JOMAR S.A. Base JOMAR. Comodoro Rivadavia 2010. Construcci\u00f3n de TK 40 y 80m3. SINOPEC ARG. E&amp;P. Base operativa DON JOS\u00c9 2012. Construcci\u00f3n de TK horizontal 150m3 para agua de formaci\u00f3n. ENAP SIPETROL. Base operativa DON JOS\u00c9 2018.<\/li>\n\n\n\n<li>Servicio de reparaci\u00f3n y adecuaci\u00f3n de TK 3000m3. CGC &#8211; PTC &#8211; Yac. EL C\u00d3NDOR 2018.<\/li>\n\n\n\n<li>Construcci\u00f3n de TK vertical 150m3. ENAP SIPETROL. BRM. Pat. PETROFAR 2019. Reparaci\u00f3n y adecuaci\u00f3n de TK 3000m3. CGC. Ptc. Yac. EL C\u00d3NDOR 2019. Reparaci\u00f3n TK 160m3. CGC. Pta. Punta Loyola. 2019.<\/li>\n\n\n\n<li>Reparaci\u00f3n TK 500m3. PAE. Yac. Piedra Clavada 2020.<\/li>\n\n\n\n<li>Construcci\u00f3n TK vertical 150m3. ENAP SIPETROL. Base operativa DON JOS\u00c9 &#8211; BRM. 2020.<\/li>\n\n\n\n<li>Intervenci\u00f3n en TK mayores &#8211; UPSTREAM convencional &#8211; Reparaci\u00f3n. YPF. Las Heras 2022.<\/li>\n<\/ul>\n\n\n\n<p><strong>MONTAJES DE PLANTAS Y BATER\u00cdAS<\/strong><\/p>\n\n\n\n<ul class=\"wp-block-list\">\n<li>Construcci\u00f3n Bater\u00eda 7. ROLSON S.R.L. PAN AMERICAN ENERGY. Pico Truncado 1998. Planta Compresora de aire. OTERO. PAN AMERICAN ENERGY. Valle Hermoso 1998. Construcci\u00f3n de Planta de inyecci\u00f3n de agua. LUAR S.R.L. Bater\u00eda T17. REPSOL YPF. 1998. Ampliaci\u00f3n y Reforma de planta de Gas. CAMUZZI\/BTU. Ca\u00f1ad\u00f3n Seco. 1998. Modificaci\u00f3n Planta de inyecci\u00f3n de agua. OTERO. PAN AMERICAN ENERGY. Pico Truncado. 1999.<\/li>\n\n\n\n<li>Instalaci\u00f3n de Bombas en planta de Agua Saldas y ampliaci\u00f3n de galp\u00f3n. NUEVO CERRO DRAG\u00d3N S.A. PAE. Pico Truncado. 2000.<\/li>\n\n\n\n<li>Construcci\u00f3n de planta compresora de gas. PATAGONIA FIEL. El Zorro 1. PAN AMERICAN ENERGY. 2000.<\/li>\n\n\n\n<li>Reforma en bater\u00eda 3 y 5. NUEVO CERRO DRAG\u00d3N S.A. Los Perales 3. REPSOL YPF. 2001. Ampliaci\u00f3n anticlinal 3, montaje de 3 bombas e instalaci\u00f3n de TK. NUEVO CERRO DRAG\u00d3N S.A. PAE. Comodoro Rivadavia 2001.<\/li>\n\n\n\n<li>Ampliaci\u00f3n anticlinal 2, montaje bomba centr\u00edfuga. NUEVO CERRO DRAG\u00d3N S.A. PAE. Comodoro Rivadavia 2002.<\/li>\n\n\n\n<li>Construcci\u00f3n l\u00ednea \u00d83&#8243; de inyecci\u00f3n de agua. JOMAR S.A. Ca\u00f1ad\u00f3n Seco. REPSOL YPF S.A. 2002.<\/li>\n\n\n\n<li>Ampliaci\u00f3n de Revamping. NUEVO CERRO DRAG\u00d3N S.A La Porfiada. PETROBR\u00c1S. R\u00edo Gallegos. 2005.<\/li>\n\n\n\n<li>Ampliaci\u00f3n de planta de gas. CAMUZZI-BTU. El Calafate. 2006.<\/li>\n\n\n\n<li>Ampliaci\u00f3n de planta de gas. CAMUZZI-BTU. Ca\u00f1ad\u00f3n Seco. 2006.<\/li>\n\n\n\n<li>Ampliaci\u00f3n de planta. NUEVO CERRO DRAG\u00d3N S.A. Los perales 3. REPSOL YPF S.A. 2007.<\/li>\n\n\n\n<li>Modificaciones de planta, Bater\u00eda 303. SUD. AMERICA ENERGY S.A. El Escondido 10 Occidental. Argentina E&amp;P. 2008.<\/li>\n\n\n\n<li>Tendido de l\u00ednea sector de Bombas y TK. ENERGO (UTE). Sarmiento. 2008. Construcci\u00f3n e Instalaci\u00f3n de ca\u00f1er\u00edas y Equipos en planta. Cant.19000&#8243;. SUD AMERICA ENERGY S.A. Las Heras 3. Occidental Arg. E&amp;P. 2008.<\/li>\n\n\n\n<li>Construcci\u00f3n e Instalaci\u00f3n de ca\u00f1er\u00edas y Equipos en planta. SUD AMERICA ENERGY S.A. Ca\u00f1ad\u00f3n Minerales. Arg. E&amp;P. 2008.<\/li>\n\n\n\n<li>Ampliaci\u00f3n de Bater\u00eda, montaje de 2 bombas, 2 TK, 2 separadores de gas y colector. UNITEC. Yac. Cerro Guacho. Sarmiento Chubut. 2012.<\/li>\n\n\n\n<li>Instalaci\u00f3n de planta odorizadora en gasoducto. CAMUZZI. Piedra Buena Sta. Cruz. 2017.<\/li>\n\n\n\n<li>Construcci\u00f3n y montaje de bater\u00eda CI3. CGC. R\u00edo Gallegos Sta. Cruz. 2021.<\/li>\n<\/ul>\n\n\n\n<p><strong>CONSTRUCCI\u00d3N Y REPARACI\u00d3N DE DUCTOS<\/strong><\/p>\n\n\n\n<ul class=\"wp-block-list\">\n<li>Construcci\u00f3n de Gasoducto \u00d812&#8243;, 10 km. OTERO. Manantiales Berh (TGS). 1999. Construcci\u00f3n Oleoducto \u00d86&#8243;. SUD AMERICANA ENERGY S.A. PC. BAT. 304 &#8211; OXY. 2007. Construcci\u00f3n de Oleoducto \u00d86&#8243;. SUD AMERICA ENERGY S.A. PC 305-PTA LH3 &#8211; OXY. 2008.<\/li>\n\n\n\n<li>Construcci\u00f3n Gasoducto \u00d86&#8243;. INTALEX S.R.L. Yac. El Huemul &#8211; OXY. 2010. Construcci\u00f3n Oleoducto \u00d84&#8243; y \u00d88&#8243;. ELEPRINT S.A. Las Heras 3 &#8211; OXY. 2010.<\/li>\n\n\n\n<li>Reemplazo de Gasoducto \u00d810&#8243;. CAMUZZI GAS. Pr\u00f3spero Palazzo. 2010.<\/li>\n\n\n\n<li>Reparaci\u00f3n de Gasoducto \u00d86&#8243;. CAMUZZI GAS. Ca\u00f1ad\u00f3n Seco. 2010.<\/li>\n\n\n\n<li>Soldadura en casquete \u00d86&#8243; y revestimiento. CAMUZZI GAS. Ca\u00f1ad\u00f3n Seco. 2010. Construcci\u00f3n de 3 carreteles para gas. DISTRIGAS S.A. R\u00edo Gallegos. 2010. Construcci\u00f3n de puente by pass para alimentaci\u00f3n de usina. CAMUZZI GAS. R\u00edo Gallegos. 2011.<\/li>\n\n\n\n<li>Construcci\u00f3n de carreteles de medici\u00f3n. DISTRIGAS S.A. Base operativa DON JOS\u00c9. Pta. de Gas de Tellier. 2011.<\/li>\n\n\n\n<li>Construcci\u00f3n de Gasoducto de \u00d810&#8243;. YPF. Yac. La Cholita. 2014.<\/li>\n\n\n\n<li>Acondicionamiento de Oleoducto. YPF. CP &#8211; AB \/ CV-EG4. 2015.<\/li>\n\n\n\n<li>Construcci\u00f3n de 3 carreteles para estaci\u00f3n reguladora de gas. CAMUSSI GAS. Pto. Deseado. 2018.<\/li>\n<\/ul>\n\n\n\n<p><strong>OTRAS OBRAS<\/strong><\/p>\n\n\n\n<ul class=\"wp-block-list\">\n<li>Mto. Quinquenal de calentadores. TGS. Pta. TGS. Pico Truncado. 2017. Construcci\u00f3n y montaje de l\u00ednea de recupero de cemento. PCR. Pta. PCR. Pico Truncado. 2017.<\/li>\n\n\n\n<li>Ampliaci\u00f3n red cloacal. MPT. Zona este. Pico Truncado. 2017.<\/li>\n\n\n\n<li>Construcci\u00f3n de caldera. MPT. Pileta Municipal. Pico Truncado. 2017.<\/li>\n\n\n\n<li>Mto. de Calentadores. CAMUZZI GCS. ESQ\/BAR. Neuqu\u00e9n. 2018.<\/li>\n\n\n\n<li>Mto. silo 3 &#8211; Pta. Magnetita. PCR. Pico Truncado. 2018.<\/li>\n\n\n\n<li>Construcci\u00f3n muro perimetral. CAMUZZI GCS. PM-08. Caleta Olivia. 2018. Torque de tratador. PAE. PC01 &#8211; D &#8211; IV. 2020.<\/li>\n\n\n\n<li>Mto. sili 4 &#8211; Pta. Magnetita. PCR. Pta. Pico Truncado. 2021.<\/li>\n\n\n\n<li>Construcci\u00f3n de Bater\u00eda. CGC. Campo Indio 3. 2021.<\/li>\n\n\n\n<li>Conexionado de tanque menores. YPF. Los Perales. Sta. Cruz. 2023. Desguace de TK. YPF. Challaco. 2023.<\/li>\n<\/ul>\n","protected":false},"excerpt":{"rendered":"<p>CONSTRUCCI\u00d3N Y REPARACI\u00d3N DE TANQUES MONTAJES DE PLANTAS Y BATER\u00cdAS CONSTRUCCI\u00d3N Y REPARACI\u00d3N DE DUCTOS OTRAS OBRAS<\/p>\n","protected":false},"author":1,"featured_media":0,"parent":0,"menu_order":0,"comment_status":"closed","ping_status":"closed","template":"","meta":{"iawp_total_views":163,"footnotes":""},"class_list":["post-247","page","type-page","status-publish","hentry"],"yoast_head":"<!-- This site is optimized with the Yoast SEO plugin v25.7 - https:\/\/yoast.com\/wordpress\/plugins\/seo\/ -->\n<title>PROYECTOS -<\/title>\n<meta name=\"robots\" content=\"index, follow, max-snippet:-1, max-image-preview:large, max-video-preview:-1\" \/>\n<link rel=\"canonical\" href=\"https:\/\/montajeysoldaduradonjose.com\/index.php\/proyectos-destacados\/\" \/>\n<meta property=\"og:locale\" content=\"es_ES\" \/>\n<meta property=\"og:type\" content=\"article\" \/>\n<meta property=\"og:title\" content=\"PROYECTOS -\" \/>\n<meta property=\"og:description\" content=\"CONSTRUCCI\u00d3N Y REPARACI\u00d3N DE TANQUES MONTAJES DE PLANTAS Y BATER\u00cdAS CONSTRUCCI\u00d3N Y REPARACI\u00d3N DE DUCTOS OTRAS OBRAS\" \/>\n<meta property=\"og:url\" content=\"https:\/\/montajeysoldaduradonjose.com\/index.php\/proyectos-destacados\/\" \/>\n<meta property=\"article:modified_time\" content=\"2024-08-13T14:19:49+00:00\" \/>\n<meta name=\"twitter:card\" content=\"summary_large_image\" \/>\n<meta name=\"twitter:label1\" content=\"Tiempo de lectura\" \/>\n\t<meta name=\"twitter:data1\" content=\"5 minutos\" \/>\n<script type=\"application\/ld+json\" class=\"yoast-schema-graph\">{\"@context\":\"https:\/\/schema.org\",\"@graph\":[{\"@type\":\"WebPage\",\"@id\":\"https:\/\/montajeysoldaduradonjose.com\/index.php\/proyectos-destacados\/\",\"url\":\"https:\/\/montajeysoldaduradonjose.com\/index.php\/proyectos-destacados\/\",\"name\":\"PROYECTOS -\",\"isPartOf\":{\"@id\":\"https:\/\/montajeysoldaduradonjose.com\/#website\"},\"datePublished\":\"2024-08-07T19:59:59+00:00\",\"dateModified\":\"2024-08-13T14:19:49+00:00\",\"breadcrumb\":{\"@id\":\"https:\/\/montajeysoldaduradonjose.com\/index.php\/proyectos-destacados\/#breadcrumb\"},\"inLanguage\":\"es\",\"potentialAction\":[{\"@type\":\"ReadAction\",\"target\":[\"https:\/\/montajeysoldaduradonjose.com\/index.php\/proyectos-destacados\/\"]}]},{\"@type\":\"BreadcrumbList\",\"@id\":\"https:\/\/montajeysoldaduradonjose.com\/index.php\/proyectos-destacados\/#breadcrumb\",\"itemListElement\":[{\"@type\":\"ListItem\",\"position\":1,\"name\":\"Portada\",\"item\":\"https:\/\/montajeysoldaduradonjose.com\/\"},{\"@type\":\"ListItem\",\"position\":2,\"name\":\"PROYECTOS\"}]},{\"@type\":\"WebSite\",\"@id\":\"https:\/\/montajeysoldaduradonjose.com\/#website\",\"url\":\"https:\/\/montajeysoldaduradonjose.com\/\",\"name\":\"\",\"description\":\"\",\"potentialAction\":[{\"@type\":\"SearchAction\",\"target\":{\"@type\":\"EntryPoint\",\"urlTemplate\":\"https:\/\/montajeysoldaduradonjose.com\/?s={search_term_string}\"},\"query-input\":{\"@type\":\"PropertyValueSpecification\",\"valueRequired\":true,\"valueName\":\"search_term_string\"}}],\"inLanguage\":\"es\"}]}<\/script>\n<!-- \/ Yoast SEO plugin. -->","yoast_head_json":{"title":"PROYECTOS -","robots":{"index":"index","follow":"follow","max-snippet":"max-snippet:-1","max-image-preview":"max-image-preview:large","max-video-preview":"max-video-preview:-1"},"canonical":"https:\/\/montajeysoldaduradonjose.com\/index.php\/proyectos-destacados\/","og_locale":"es_ES","og_type":"article","og_title":"PROYECTOS -","og_description":"CONSTRUCCI\u00d3N Y REPARACI\u00d3N DE TANQUES MONTAJES DE PLANTAS Y BATER\u00cdAS CONSTRUCCI\u00d3N Y REPARACI\u00d3N DE DUCTOS OTRAS OBRAS","og_url":"https:\/\/montajeysoldaduradonjose.com\/index.php\/proyectos-destacados\/","article_modified_time":"2024-08-13T14:19:49+00:00","twitter_card":"summary_large_image","twitter_misc":{"Tiempo de lectura":"5 minutos"},"schema":{"@context":"https:\/\/schema.org","@graph":[{"@type":"WebPage","@id":"https:\/\/montajeysoldaduradonjose.com\/index.php\/proyectos-destacados\/","url":"https:\/\/montajeysoldaduradonjose.com\/index.php\/proyectos-destacados\/","name":"PROYECTOS -","isPartOf":{"@id":"https:\/\/montajeysoldaduradonjose.com\/#website"},"datePublished":"2024-08-07T19:59:59+00:00","dateModified":"2024-08-13T14:19:49+00:00","breadcrumb":{"@id":"https:\/\/montajeysoldaduradonjose.com\/index.php\/proyectos-destacados\/#breadcrumb"},"inLanguage":"es","potentialAction":[{"@type":"ReadAction","target":["https:\/\/montajeysoldaduradonjose.com\/index.php\/proyectos-destacados\/"]}]},{"@type":"BreadcrumbList","@id":"https:\/\/montajeysoldaduradonjose.com\/index.php\/proyectos-destacados\/#breadcrumb","itemListElement":[{"@type":"ListItem","position":1,"name":"Portada","item":"https:\/\/montajeysoldaduradonjose.com\/"},{"@type":"ListItem","position":2,"name":"PROYECTOS"}]},{"@type":"WebSite","@id":"https:\/\/montajeysoldaduradonjose.com\/#website","url":"https:\/\/montajeysoldaduradonjose.com\/","name":"","description":"","potentialAction":[{"@type":"SearchAction","target":{"@type":"EntryPoint","urlTemplate":"https:\/\/montajeysoldaduradonjose.com\/?s={search_term_string}"},"query-input":{"@type":"PropertyValueSpecification","valueRequired":true,"valueName":"search_term_string"}}],"inLanguage":"es"}]}},"jetpack_sharing_enabled":true,"_links":{"self":[{"href":"https:\/\/montajeysoldaduradonjose.com\/index.php\/wp-json\/wp\/v2\/pages\/247","targetHints":{"allow":["GET"]}}],"collection":[{"href":"https:\/\/montajeysoldaduradonjose.com\/index.php\/wp-json\/wp\/v2\/pages"}],"about":[{"href":"https:\/\/montajeysoldaduradonjose.com\/index.php\/wp-json\/wp\/v2\/types\/page"}],"author":[{"embeddable":true,"href":"https:\/\/montajeysoldaduradonjose.com\/index.php\/wp-json\/wp\/v2\/users\/1"}],"replies":[{"embeddable":true,"href":"https:\/\/montajeysoldaduradonjose.com\/index.php\/wp-json\/wp\/v2\/comments?post=247"}],"version-history":[{"count":2,"href":"https:\/\/montajeysoldaduradonjose.com\/index.php\/wp-json\/wp\/v2\/pages\/247\/revisions"}],"predecessor-version":[{"id":278,"href":"https:\/\/montajeysoldaduradonjose.com\/index.php\/wp-json\/wp\/v2\/pages\/247\/revisions\/278"}],"wp:attachment":[{"href":"https:\/\/montajeysoldaduradonjose.com\/index.php\/wp-json\/wp\/v2\/media?parent=247"}],"curies":[{"name":"wp","href":"https:\/\/api.w.org\/{rel}","templated":true}]}}