{"id":319,"date":"2024-11-08T10:32:02","date_gmt":"2024-11-08T13:32:02","guid":{"rendered":"https:\/\/montajeysoldaduradonjose.com\/?page_id=319"},"modified":"2025-02-14T16:10:31","modified_gmt":"2025-02-14T19:10:31","slug":"noticias","status":"publish","type":"page","link":"https:\/\/montajeysoldaduradonjose.com\/index.php\/noticias\/","title":{"rendered":"NOTICIAS"},"content":{"rendered":"\n<p>En este verano como parte de su compromiso social con la comunidad, Montaje y Soldadura Don Jos\u00e9 S.R.L brinda su apoyo a los bomberos voluntarios, reconociendo su invaluable labor y dedicaci\u00f3n a trav\u00e9s de estas acciones, reafirmamos nuestro compromiso con la seguridad y el bienestar de quien protegen a nuestra comunidad<\/p>\n\n\n\n<figure class=\"wp-block-gallery has-nested-images columns-default is-cropped wp-block-gallery-1 is-layout-flex wp-block-gallery-is-layout-flex\">\n<figure class=\"wp-block-image size-large\"><img loading=\"lazy\" decoding=\"async\" width=\"1024\" height=\"771\" data-id=\"347\" src=\"https:\/\/montajeysoldaduradonjose.com\/wp-content\/uploads\/2025\/02\/WhatsApp-Image-2025-01-24-at-12.19.34-1-1024x771.jpeg\" alt=\"\" class=\"wp-image-347\" srcset=\"https:\/\/montajeysoldaduradonjose.com\/wp-content\/uploads\/2025\/02\/WhatsApp-Image-2025-01-24-at-12.19.34-1-1024x771.jpeg 1024w, https:\/\/montajeysoldaduradonjose.com\/wp-content\/uploads\/2025\/02\/WhatsApp-Image-2025-01-24-at-12.19.34-1-300x226.jpeg 300w, https:\/\/montajeysoldaduradonjose.com\/wp-content\/uploads\/2025\/02\/WhatsApp-Image-2025-01-24-at-12.19.34-1-768x578.jpeg 768w, https:\/\/montajeysoldaduradonjose.com\/wp-content\/uploads\/2025\/02\/WhatsApp-Image-2025-01-24-at-12.19.34-1-1536x1156.jpeg 1536w, https:\/\/montajeysoldaduradonjose.com\/wp-content\/uploads\/2025\/02\/WhatsApp-Image-2025-01-24-at-12.19.34-1.jpeg 1600w\" sizes=\"auto, (max-width: 1024px) 100vw, 1024px\" \/><\/figure>\n<\/figure>\n\n\n\n<p>Esta primavera, nuestra empresa abre sus puertas a los estudiantes de la Escuela Industrial N\u00b0 2 para ofrecerles pr\u00e1cticas profesionalizantes. Hasta el 22 de noviembre, nuestros profesionales compartir\u00e1n su conocimiento y experiencia en diversas \u00e1reas, como electricidad, realizaci\u00f3n de planos, control de almacenamiento y gesti\u00f3n vehicular De esta manera, buscamos contribuir a la formaci\u00f3n de futuros profesionales, brind\u00e1ndoles herramientas y conocimientos pr\u00e1cticos que les ser\u00e1n de gran utilidad en su desarrollo profesional.<\/p>\n\n\n\n<div class=\"wp-block-jetpack-tiled-gallery aligncenter is-style-rectangular\"><div class=\"\"><div class=\"tiled-gallery__gallery\"><div class=\"tiled-gallery__row\"><div class=\"tiled-gallery__col\" style=\"flex-basis:42.86847%\"><figure class=\"tiled-gallery__item\"><img decoding=\"async\" srcset=\"https:\/\/i2.wp.com\/montajeysoldaduradonjose.com\/wp-content\/uploads\/2024\/11\/WhatsApp-Image-2024-11-04-at-12.22.36-576x1024.jpeg?strip=info&#038;w=600&#038;ssl=1 600w,https:\/\/i2.wp.com\/montajeysoldaduradonjose.com\/wp-content\/uploads\/2024\/11\/WhatsApp-Image-2024-11-04-at-12.22.36-576x1024.jpeg?strip=info&#038;w=720&#038;ssl=1 720w\" alt=\"\" data-height=\"1280\" data-id=\"324\" data-link=\"https:\/\/montajeysoldaduradonjose.com\/?attachment_id=324\" data-url=\"https:\/\/montajeysoldaduradonjose.com\/wp-content\/uploads\/2024\/11\/WhatsApp-Image-2024-11-04-at-12.22.36-576x1024.jpeg\" data-width=\"720\" src=\"https:\/\/i2.wp.com\/montajeysoldaduradonjose.com\/wp-content\/uploads\/2024\/11\/WhatsApp-Image-2024-11-04-at-12.22.36-576x1024.jpeg?ssl=1\" data-amp-layout=\"responsive\" tabindex=\"0\" role=\"button\" aria-label=\"Abrir la imagen 1 de 8 en pantalla completa\"\/><\/figure><\/div><div class=\"tiled-gallery__col\" style=\"flex-basis:57.13153%\"><figure class=\"tiled-gallery__item\"><img decoding=\"async\" srcset=\"https:\/\/i1.wp.com\/montajeysoldaduradonjose.com\/wp-content\/uploads\/2024\/11\/WhatsApp-Image-2024-11-04-at-12.22.37-1-1-768x1024.jpeg?strip=info&#038;w=600&#038;ssl=1 600w,https:\/\/i1.wp.com\/montajeysoldaduradonjose.com\/wp-content\/uploads\/2024\/11\/WhatsApp-Image-2024-11-04-at-12.22.37-1-1-768x1024.jpeg?strip=info&#038;w=900&#038;ssl=1 900w,https:\/\/i1.wp.com\/montajeysoldaduradonjose.com\/wp-content\/uploads\/2024\/11\/WhatsApp-Image-2024-11-04-at-12.22.37-1-1-768x1024.jpeg?strip=info&#038;w=1200&#038;ssl=1 1200w\" alt=\"\" data-height=\"1600\" data-id=\"333\" data-link=\"https:\/\/montajeysoldaduradonjose.com\/?attachment_id=333\" data-url=\"https:\/\/montajeysoldaduradonjose.com\/wp-content\/uploads\/2024\/11\/WhatsApp-Image-2024-11-04-at-12.22.37-1-1-768x1024.jpeg\" data-width=\"1200\" src=\"https:\/\/i1.wp.com\/montajeysoldaduradonjose.com\/wp-content\/uploads\/2024\/11\/WhatsApp-Image-2024-11-04-at-12.22.37-1-1-768x1024.jpeg?ssl=1\" data-amp-layout=\"responsive\" tabindex=\"0\" role=\"button\" aria-label=\"Abrir la imagen 2 de 8 en pantalla completa\"\/><\/figure><\/div><\/div><div class=\"tiled-gallery__row\"><div class=\"tiled-gallery__col\" style=\"flex-basis:100.00000%\"><figure class=\"tiled-gallery__item\"><img decoding=\"async\" srcset=\"https:\/\/i1.wp.com\/montajeysoldaduradonjose.com\/wp-content\/uploads\/2024\/11\/WhatsApp-Image-2024-11-04-at-12.22.37-2-1024x461.jpeg?strip=info&#038;w=600&#038;ssl=1 600w,https:\/\/i1.wp.com\/montajeysoldaduradonjose.com\/wp-content\/uploads\/2024\/11\/WhatsApp-Image-2024-11-04-at-12.22.37-2-1024x461.jpeg?strip=info&#038;w=900&#038;ssl=1 900w,https:\/\/i1.wp.com\/montajeysoldaduradonjose.com\/wp-content\/uploads\/2024\/11\/WhatsApp-Image-2024-11-04-at-12.22.37-2-1024x461.jpeg?strip=info&#038;w=1200&#038;ssl=1 1200w,https:\/\/i1.wp.com\/montajeysoldaduradonjose.com\/wp-content\/uploads\/2024\/11\/WhatsApp-Image-2024-11-04-at-12.22.37-2-1024x461.jpeg?strip=info&#038;w=1280&#038;ssl=1 1280w\" alt=\"\" data-height=\"576\" data-id=\"334\" data-link=\"https:\/\/montajeysoldaduradonjose.com\/?attachment_id=334\" data-url=\"https:\/\/montajeysoldaduradonjose.com\/wp-content\/uploads\/2024\/11\/WhatsApp-Image-2024-11-04-at-12.22.37-2-1024x461.jpeg\" data-width=\"1280\" src=\"https:\/\/i1.wp.com\/montajeysoldaduradonjose.com\/wp-content\/uploads\/2024\/11\/WhatsApp-Image-2024-11-04-at-12.22.37-2-1024x461.jpeg?ssl=1\" data-amp-layout=\"responsive\" tabindex=\"0\" role=\"button\" aria-label=\"Abrir la imagen 3 de 8 en pantalla completa\"\/><\/figure><\/div><\/div><div class=\"tiled-gallery__row\"><div class=\"tiled-gallery__col\" style=\"flex-basis:30.00758%\"><figure class=\"tiled-gallery__item\"><img decoding=\"async\" srcset=\"https:\/\/i2.wp.com\/montajeysoldaduradonjose.com\/wp-content\/uploads\/2024\/11\/WhatsApp-Image-2024-11-04-at-12.22.38-1-1-576x1024.jpeg?strip=info&#038;w=600&#038;ssl=1 600w,https:\/\/i2.wp.com\/montajeysoldaduradonjose.com\/wp-content\/uploads\/2024\/11\/WhatsApp-Image-2024-11-04-at-12.22.38-1-1-576x1024.jpeg?strip=info&#038;w=720&#038;ssl=1 720w\" alt=\"\" data-height=\"1280\" data-id=\"335\" data-link=\"https:\/\/montajeysoldaduradonjose.com\/?attachment_id=335\" data-url=\"https:\/\/montajeysoldaduradonjose.com\/wp-content\/uploads\/2024\/11\/WhatsApp-Image-2024-11-04-at-12.22.38-1-1-576x1024.jpeg\" data-width=\"720\" src=\"https:\/\/i2.wp.com\/montajeysoldaduradonjose.com\/wp-content\/uploads\/2024\/11\/WhatsApp-Image-2024-11-04-at-12.22.38-1-1-576x1024.jpeg?ssl=1\" data-amp-layout=\"responsive\" tabindex=\"0\" role=\"button\" aria-label=\"Abrir la imagen 4 de 8 en pantalla completa\"\/><\/figure><\/div><div class=\"tiled-gallery__col\" style=\"flex-basis:30.00758%\"><figure class=\"tiled-gallery__item\"><img decoding=\"async\" srcset=\"https:\/\/i0.wp.com\/montajeysoldaduradonjose.com\/wp-content\/uploads\/2024\/11\/WhatsApp-Image-2024-11-04-at-12.22.38-3-1-576x1024.jpeg?strip=info&#038;w=600&#038;ssl=1 600w,https:\/\/i0.wp.com\/montajeysoldaduradonjose.com\/wp-content\/uploads\/2024\/11\/WhatsApp-Image-2024-11-04-at-12.22.38-3-1-576x1024.jpeg?strip=info&#038;w=720&#038;ssl=1 720w\" alt=\"\" data-height=\"1280\" data-id=\"337\" data-link=\"https:\/\/montajeysoldaduradonjose.com\/?attachment_id=337\" data-url=\"https:\/\/montajeysoldaduradonjose.com\/wp-content\/uploads\/2024\/11\/WhatsApp-Image-2024-11-04-at-12.22.38-3-1-576x1024.jpeg\" data-width=\"720\" src=\"https:\/\/i0.wp.com\/montajeysoldaduradonjose.com\/wp-content\/uploads\/2024\/11\/WhatsApp-Image-2024-11-04-at-12.22.38-3-1-576x1024.jpeg?ssl=1\" data-amp-layout=\"responsive\" tabindex=\"0\" role=\"button\" aria-label=\"Abrir la imagen 5 de 8 en pantalla completa\"\/><\/figure><\/div><div class=\"tiled-gallery__col\" style=\"flex-basis:39.98483%\"><figure class=\"tiled-gallery__item\"><img decoding=\"async\" srcset=\"https:\/\/i1.wp.com\/montajeysoldaduradonjose.com\/wp-content\/uploads\/2024\/11\/WhatsApp-Image-2024-11-04-at-12.22.38-4-768x1024.jpeg?strip=info&#038;w=600&#038;ssl=1 600w,https:\/\/i1.wp.com\/montajeysoldaduradonjose.com\/wp-content\/uploads\/2024\/11\/WhatsApp-Image-2024-11-04-at-12.22.38-4-768x1024.jpeg?strip=info&#038;w=900&#038;ssl=1 900w,https:\/\/i1.wp.com\/montajeysoldaduradonjose.com\/wp-content\/uploads\/2024\/11\/WhatsApp-Image-2024-11-04-at-12.22.38-4-768x1024.jpeg?strip=info&#038;w=1200&#038;ssl=1 1200w\" alt=\"\" data-height=\"1600\" data-id=\"338\" data-link=\"https:\/\/montajeysoldaduradonjose.com\/?attachment_id=338\" data-url=\"https:\/\/montajeysoldaduradonjose.com\/wp-content\/uploads\/2024\/11\/WhatsApp-Image-2024-11-04-at-12.22.38-4-768x1024.jpeg\" data-width=\"1200\" src=\"https:\/\/i1.wp.com\/montajeysoldaduradonjose.com\/wp-content\/uploads\/2024\/11\/WhatsApp-Image-2024-11-04-at-12.22.38-4-768x1024.jpeg?ssl=1\" data-amp-layout=\"responsive\" tabindex=\"0\" role=\"button\" aria-label=\"Abrir la imagen 6 de 8 en pantalla completa\"\/><\/figure><\/div><\/div><div class=\"tiled-gallery__row\"><div class=\"tiled-gallery__col\" style=\"flex-basis:50.01215%\"><figure class=\"tiled-gallery__item\"><img decoding=\"async\" srcset=\"https:\/\/i1.wp.com\/montajeysoldaduradonjose.com\/wp-content\/uploads\/2024\/11\/WhatsApp-Image-2024-11-04-at-12.22.39-1-1-576x1024.jpeg?strip=info&#038;w=600&#038;ssl=1 600w,https:\/\/i1.wp.com\/montajeysoldaduradonjose.com\/wp-content\/uploads\/2024\/11\/WhatsApp-Image-2024-11-04-at-12.22.39-1-1-576x1024.jpeg?strip=info&#038;w=900&#038;ssl=1 900w\" alt=\"\" data-height=\"1600\" data-id=\"339\" data-link=\"https:\/\/montajeysoldaduradonjose.com\/?attachment_id=339\" data-url=\"https:\/\/montajeysoldaduradonjose.com\/wp-content\/uploads\/2024\/11\/WhatsApp-Image-2024-11-04-at-12.22.39-1-1-576x1024.jpeg\" data-width=\"900\" src=\"https:\/\/i1.wp.com\/montajeysoldaduradonjose.com\/wp-content\/uploads\/2024\/11\/WhatsApp-Image-2024-11-04-at-12.22.39-1-1-576x1024.jpeg?ssl=1\" data-amp-layout=\"responsive\" tabindex=\"0\" role=\"button\" aria-label=\"Abrir la imagen 7 de 8 en pantalla completa\"\/><\/figure><\/div><div class=\"tiled-gallery__col\" style=\"flex-basis:49.98785%\"><figure class=\"tiled-gallery__item\"><img decoding=\"async\" srcset=\"https:\/\/i0.wp.com\/montajeysoldaduradonjose.com\/wp-content\/uploads\/2024\/11\/WhatsApp-Image-2024-11-04-at-12.22.39-2-576x1024.jpeg?strip=info&#038;w=600&#038;ssl=1 600w,https:\/\/i0.wp.com\/montajeysoldaduradonjose.com\/wp-content\/uploads\/2024\/11\/WhatsApp-Image-2024-11-04-at-12.22.39-2-576x1024.jpeg?strip=info&#038;w=899&#038;ssl=1 899w\" alt=\"\" data-height=\"1599\" data-id=\"340\" data-link=\"https:\/\/montajeysoldaduradonjose.com\/?attachment_id=340\" data-url=\"https:\/\/montajeysoldaduradonjose.com\/wp-content\/uploads\/2024\/11\/WhatsApp-Image-2024-11-04-at-12.22.39-2-576x1024.jpeg\" data-width=\"899\" src=\"https:\/\/i0.wp.com\/montajeysoldaduradonjose.com\/wp-content\/uploads\/2024\/11\/WhatsApp-Image-2024-11-04-at-12.22.39-2-576x1024.jpeg?ssl=1\" data-amp-layout=\"responsive\" tabindex=\"0\" role=\"button\" aria-label=\"Abrir la imagen 8 de 8 en pantalla completa\"\/><\/figure><\/div><\/div><\/div><\/div><\/div>\n","protected":false},"excerpt":{"rendered":"<p>En este verano como parte de su compromiso social con la comunidad, Montaje y Soldadura Don Jos\u00e9 S.R.L brinda su apoyo a los bomberos voluntarios, reconociendo su invaluable labor y dedicaci\u00f3n a trav\u00e9s de estas acciones, reafirmamos nuestro compromiso con la seguridad y el bienestar de quien protegen a nuestra comunidad Esta primavera, nuestra empresa [&hellip;]<\/p>\n","protected":false},"author":1,"featured_media":0,"parent":0,"menu_order":0,"comment_status":"closed","ping_status":"closed","template":"","meta":{"iawp_total_views":74,"footnotes":""},"class_list":["post-319","page","type-page","status-publish","hentry"],"yoast_head":"<!-- This site is optimized with the Yoast SEO plugin v25.7 - https:\/\/yoast.com\/wordpress\/plugins\/seo\/ -->\n<title>NOTICIAS - %<\/title>\n<meta name=\"robots\" content=\"index, follow, max-snippet:-1, max-image-preview:large, max-video-preview:-1\" \/>\n<link rel=\"canonical\" href=\"https:\/\/montajeysoldaduradonjose.com\/index.php\/noticias\/\" \/>\n<meta property=\"og:locale\" content=\"es_ES\" \/>\n<meta property=\"og:type\" content=\"article\" \/>\n<meta property=\"og:title\" content=\"NOTICIAS - %\" \/>\n<meta property=\"og:description\" content=\"En este verano como parte de su compromiso social con la comunidad, Montaje y Soldadura Don Jos\u00e9 S.R.L brinda su apoyo a los bomberos voluntarios, reconociendo su invaluable labor y dedicaci\u00f3n a trav\u00e9s de estas acciones, reafirmamos nuestro compromiso con la seguridad y el bienestar de quien protegen a nuestra comunidad Esta primavera, nuestra empresa [&hellip;]\" \/>\n<meta property=\"og:url\" content=\"https:\/\/montajeysoldaduradonjose.com\/index.php\/noticias\/\" \/>\n<meta property=\"article:modified_time\" content=\"2025-02-14T19:10:31+00:00\" \/>\n<meta property=\"og:image\" content=\"https:\/\/montajeysoldaduradonjose.com\/wp-content\/uploads\/2025\/02\/WhatsApp-Image-2025-01-24-at-12.19.34-1.jpeg\" \/>\n\t<meta property=\"og:image:width\" content=\"1600\" \/>\n\t<meta property=\"og:image:height\" content=\"1204\" \/>\n\t<meta property=\"og:image:type\" content=\"image\/jpeg\" \/>\n<meta name=\"twitter:card\" content=\"summary_large_image\" \/>\n<meta name=\"twitter:label1\" content=\"Tiempo de lectura\" \/>\n\t<meta name=\"twitter:data1\" content=\"3 minutos\" \/>\n<script type=\"application\/ld+json\" class=\"yoast-schema-graph\">{\"@context\":\"https:\/\/schema.org\",\"@graph\":[{\"@type\":\"WebPage\",\"@id\":\"https:\/\/montajeysoldaduradonjose.com\/index.php\/noticias\/\",\"url\":\"https:\/\/montajeysoldaduradonjose.com\/index.php\/noticias\/\",\"name\":\"NOTICIAS - %\",\"isPartOf\":{\"@id\":\"https:\/\/montajeysoldaduradonjose.com\/#website\"},\"primaryImageOfPage\":{\"@id\":\"https:\/\/montajeysoldaduradonjose.com\/index.php\/noticias\/#primaryimage\"},\"image\":{\"@id\":\"https:\/\/montajeysoldaduradonjose.com\/index.php\/noticias\/#primaryimage\"},\"thumbnailUrl\":\"https:\/\/montajeysoldaduradonjose.com\/wp-content\/uploads\/2025\/02\/WhatsApp-Image-2025-01-24-at-12.19.34-1-1024x771.jpeg\",\"datePublished\":\"2024-11-08T13:32:02+00:00\",\"dateModified\":\"2025-02-14T19:10:31+00:00\",\"breadcrumb\":{\"@id\":\"https:\/\/montajeysoldaduradonjose.com\/index.php\/noticias\/#breadcrumb\"},\"inLanguage\":\"es\",\"potentialAction\":[{\"@type\":\"ReadAction\",\"target\":[\"https:\/\/montajeysoldaduradonjose.com\/index.php\/noticias\/\"]}]},{\"@type\":\"ImageObject\",\"inLanguage\":\"es\",\"@id\":\"https:\/\/montajeysoldaduradonjose.com\/index.php\/noticias\/#primaryimage\",\"url\":\"https:\/\/montajeysoldaduradonjose.com\/wp-content\/uploads\/2025\/02\/WhatsApp-Image-2025-01-24-at-12.19.34-1.jpeg\",\"contentUrl\":\"https:\/\/montajeysoldaduradonjose.com\/wp-content\/uploads\/2025\/02\/WhatsApp-Image-2025-01-24-at-12.19.34-1.jpeg\",\"width\":1600,\"height\":1204},{\"@type\":\"BreadcrumbList\",\"@id\":\"https:\/\/montajeysoldaduradonjose.com\/index.php\/noticias\/#breadcrumb\",\"itemListElement\":[{\"@type\":\"ListItem\",\"position\":1,\"name\":\"Portada\",\"item\":\"https:\/\/montajeysoldaduradonjose.com\/\"},{\"@type\":\"ListItem\",\"position\":2,\"name\":\"NOTICIAS\"}]},{\"@type\":\"WebSite\",\"@id\":\"https:\/\/montajeysoldaduradonjose.com\/#website\",\"url\":\"https:\/\/montajeysoldaduradonjose.com\/\",\"name\":\"\",\"description\":\"\",\"potentialAction\":[{\"@type\":\"SearchAction\",\"target\":{\"@type\":\"EntryPoint\",\"urlTemplate\":\"https:\/\/montajeysoldaduradonjose.com\/?s={search_term_string}\"},\"query-input\":{\"@type\":\"PropertyValueSpecification\",\"valueRequired\":true,\"valueName\":\"search_term_string\"}}],\"inLanguage\":\"es\"}]}<\/script>\n<!-- \/ Yoast SEO plugin. -->","yoast_head_json":{"title":"NOTICIAS - %","robots":{"index":"index","follow":"follow","max-snippet":"max-snippet:-1","max-image-preview":"max-image-preview:large","max-video-preview":"max-video-preview:-1"},"canonical":"https:\/\/montajeysoldaduradonjose.com\/index.php\/noticias\/","og_locale":"es_ES","og_type":"article","og_title":"NOTICIAS - %","og_description":"En este verano como parte de su compromiso social con la comunidad, Montaje y Soldadura Don Jos\u00e9 S.R.L brinda su apoyo a los bomberos voluntarios, reconociendo su invaluable labor y dedicaci\u00f3n a trav\u00e9s de estas acciones, reafirmamos nuestro compromiso con la seguridad y el bienestar de quien protegen a nuestra comunidad Esta primavera, nuestra empresa [&hellip;]","og_url":"https:\/\/montajeysoldaduradonjose.com\/index.php\/noticias\/","article_modified_time":"2025-02-14T19:10:31+00:00","og_image":[{"width":1600,"height":1204,"url":"https:\/\/montajeysoldaduradonjose.com\/wp-content\/uploads\/2025\/02\/WhatsApp-Image-2025-01-24-at-12.19.34-1.jpeg","type":"image\/jpeg"}],"twitter_card":"summary_large_image","twitter_misc":{"Tiempo de lectura":"3 minutos"},"schema":{"@context":"https:\/\/schema.org","@graph":[{"@type":"WebPage","@id":"https:\/\/montajeysoldaduradonjose.com\/index.php\/noticias\/","url":"https:\/\/montajeysoldaduradonjose.com\/index.php\/noticias\/","name":"NOTICIAS - %","isPartOf":{"@id":"https:\/\/montajeysoldaduradonjose.com\/#website"},"primaryImageOfPage":{"@id":"https:\/\/montajeysoldaduradonjose.com\/index.php\/noticias\/#primaryimage"},"image":{"@id":"https:\/\/montajeysoldaduradonjose.com\/index.php\/noticias\/#primaryimage"},"thumbnailUrl":"https:\/\/montajeysoldaduradonjose.com\/wp-content\/uploads\/2025\/02\/WhatsApp-Image-2025-01-24-at-12.19.34-1-1024x771.jpeg","datePublished":"2024-11-08T13:32:02+00:00","dateModified":"2025-02-14T19:10:31+00:00","breadcrumb":{"@id":"https:\/\/montajeysoldaduradonjose.com\/index.php\/noticias\/#breadcrumb"},"inLanguage":"es","potentialAction":[{"@type":"ReadAction","target":["https:\/\/montajeysoldaduradonjose.com\/index.php\/noticias\/"]}]},{"@type":"ImageObject","inLanguage":"es","@id":"https:\/\/montajeysoldaduradonjose.com\/index.php\/noticias\/#primaryimage","url":"https:\/\/montajeysoldaduradonjose.com\/wp-content\/uploads\/2025\/02\/WhatsApp-Image-2025-01-24-at-12.19.34-1.jpeg","contentUrl":"https:\/\/montajeysoldaduradonjose.com\/wp-content\/uploads\/2025\/02\/WhatsApp-Image-2025-01-24-at-12.19.34-1.jpeg","width":1600,"height":1204},{"@type":"BreadcrumbList","@id":"https:\/\/montajeysoldaduradonjose.com\/index.php\/noticias\/#breadcrumb","itemListElement":[{"@type":"ListItem","position":1,"name":"Portada","item":"https:\/\/montajeysoldaduradonjose.com\/"},{"@type":"ListItem","position":2,"name":"NOTICIAS"}]},{"@type":"WebSite","@id":"https:\/\/montajeysoldaduradonjose.com\/#website","url":"https:\/\/montajeysoldaduradonjose.com\/","name":"","description":"","potentialAction":[{"@type":"SearchAction","target":{"@type":"EntryPoint","urlTemplate":"https:\/\/montajeysoldaduradonjose.com\/?s={search_term_string}"},"query-input":{"@type":"PropertyValueSpecification","valueRequired":true,"valueName":"search_term_string"}}],"inLanguage":"es"}]}},"jetpack_sharing_enabled":true,"_links":{"self":[{"href":"https:\/\/montajeysoldaduradonjose.com\/index.php\/wp-json\/wp\/v2\/pages\/319","targetHints":{"allow":["GET"]}}],"collection":[{"href":"https:\/\/montajeysoldaduradonjose.com\/index.php\/wp-json\/wp\/v2\/pages"}],"about":[{"href":"https:\/\/montajeysoldaduradonjose.com\/index.php\/wp-json\/wp\/v2\/types\/page"}],"author":[{"embeddable":true,"href":"https:\/\/montajeysoldaduradonjose.com\/index.php\/wp-json\/wp\/v2\/users\/1"}],"replies":[{"embeddable":true,"href":"https:\/\/montajeysoldaduradonjose.com\/index.php\/wp-json\/wp\/v2\/comments?post=319"}],"version-history":[{"count":3,"href":"https:\/\/montajeysoldaduradonjose.com\/index.php\/wp-json\/wp\/v2\/pages\/319\/revisions"}],"predecessor-version":[{"id":351,"href":"https:\/\/montajeysoldaduradonjose.com\/index.php\/wp-json\/wp\/v2\/pages\/319\/revisions\/351"}],"wp:attachment":[{"href":"https:\/\/montajeysoldaduradonjose.com\/index.php\/wp-json\/wp\/v2\/media?parent=319"}],"curies":[{"name":"wp","href":"https:\/\/api.w.org\/{rel}","templated":true}]}}